{"id":24,"date":"2024-09-07T12:41:46","date_gmt":"2024-09-07T10:41:46","guid":{"rendered":"http:\/\/griwbwl.cluster027.hosting.ovh.net\/?page_id=24"},"modified":"2025-05-24T10:38:31","modified_gmt":"2025-05-24T08:38:31","slug":"parcours","status":"publish","type":"page","link":"https:\/\/www.3kmusik.com\/index.php\/parcours\/","title":{"rendered":"Parcours"},"content":{"rendered":"\n<h3 class=\"wp-block-heading\"><strong>Parcours de Katia<\/strong><\/h3>\n\n\n\n<figure class=\"wp-block-image size-full\"><img fetchpriority=\"high\" decoding=\"async\" width=\"623\" height=\"356\" src=\"http:\/\/griwbwl.cluster027.hosting.ovh.net\/wp-content\/uploads\/2024\/09\/16649158_10208550550303033_3540669975260872727_n.jpg\" alt=\"\" class=\"wp-image-55\" srcset=\"https:\/\/www.3kmusik.com\/wp-content\/uploads\/2024\/09\/16649158_10208550550303033_3540669975260872727_n.jpg 623w, https:\/\/www.3kmusik.com\/wp-content\/uploads\/2024\/09\/16649158_10208550550303033_3540669975260872727_n-300x171.jpg 300w\" sizes=\"(max-width: 623px) 100vw, 623px\" \/><\/figure>\n\n\n\n<p>Etudie la photo, la danse, le chant ainsi que la batterie en cours priv\u00e9s<br>Travaille avec divers groupes et formations musicales avant de cr\u00e9er son propre projet<br>Chanteuse et co-compositeur du groupe <strong>LADY PALAVAS<\/strong><br>Chante et danse avec une compagnie de spectacle ann\u00e9e 60\/80<br>Auteur, compositeur et interpr\u00e8te du groupe \u00ab&nbsp;<strong>SHERLOK<\/strong> \u00bb avec lequel elle a enregistr\u00e9 l\u2019Album \u00ab <strong>Kaleidoscope<\/strong> \u00bb<br>Tournage et \u00e9criture de vid\u00e9o-clip pour 3 titres de l\u2019album de<br>\u00ab&nbsp;<strong>SHERLOK<\/strong>&nbsp;\u00bb<br>Enseigne le chant \u00e0 l\u2019\u00e9cole de musique <strong>VICMUSIC<\/strong><\/p>\n\n\n\n<p>Tourn\u00e9e mondiale <strong>Francis Lai<\/strong><\/p>\n\n\n\n<h3 class=\"wp-block-heading\"><strong>Parcours de Alain<\/strong><\/h3>\n\n\n\n<figure class=\"wp-block-image size-full\"><img decoding=\"async\" width=\"340\" height=\"512\" src=\"http:\/\/griwbwl.cluster027.hosting.ovh.net\/wp-content\/uploads\/2024\/09\/grand_alain_01-1.jpg\" alt=\"\" class=\"wp-image-62\" srcset=\"https:\/\/www.3kmusik.com\/wp-content\/uploads\/2024\/09\/grand_alain_01-1.jpg 340w, https:\/\/www.3kmusik.com\/wp-content\/uploads\/2024\/09\/grand_alain_01-1-199x300.jpg 199w\" sizes=\"(max-width: 340px) 100vw, 340px\" \/><\/figure>\n\n\n\n<p>Etudie pendant 6 ans au CRM de Montpellier la guitare l\u2019harmonie et l\u2019improvisation. Il se tourne vers le \u00ab&nbsp;<strong>Guitar Institute of Technology<\/strong>&nbsp;\u00bb (<strong>GIT<\/strong>) \u00e0 Los Angeles.<br>Diverses collaborations avec de nombreux artistes sur sc\u00e8ne et en studio tels que Diam\u2019s, Diane Tell, Martin Koums, Baud, Charly L.<br>Compositeur, arrangeur et r\u00e9alisateur pour des Labels tels que <strong>Universal<\/strong>, <strong>EMI<\/strong>, <strong>Scorpio<\/strong>, <strong>Od\u00e9on<\/strong> et <strong>Chrysalis<\/strong>.<br>Compositeur pour le cin\u00e9ma avec notamment des extraits de la BO du film de <strong>Claude Zidi<\/strong> \u00ab&nbsp;La Boite&nbsp;\u00bb et \u00ab Belgian Disaster&nbsp;\u00bb de <strong>Patrick GLOTZ<\/strong>.<br>Composition et enregistrement de la Bande Originale du court m\u00e9trage<br>\u00ab&nbsp;T\u2019es con Simon&nbsp;\u00bb de <strong>Claire BARRAULT&nbsp;<\/strong>(Diffus\u00e9 sur ARTE)<br>Enregistrement d\u2019un album de compositions instrumentales d\u00e9di\u00e9es \u00e0 la guitare dans un univers jazz moderne : Alain CAHUZAC&nbsp;\u00ab <strong>La troisi\u00e8me personne<\/strong>&nbsp;\u00bb<br>Auteur, compositeur et arrangeur du groupe <strong>SHERLOK<\/strong>.<br>Enseignant dans une classe de guitare impro\/ensemble \u00e0 l\u2019Ecole de Musique de JUVIGNAC<br>Guitariste compositeur de &nbsp;<strong>L\u2019HOMME PARLE<\/strong> et&nbsp;<strong>THE CHANGE<\/strong><br>Enregistrement guitare et basse et co-composition (avec Nicolas LLORY) de l\u2019album de <strong>YORI CLUB<\/strong><br>Co-r\u00e9alisation du clip vid\u00e9o du titre \u00ab&nbsp;<strong>psycholover<\/strong>&nbsp;\u00bb de <strong>SHERLOK<\/strong>.<\/p>\n\n\n\n<h3 class=\"wp-block-heading\"><strong>Parcours de Florian<\/strong><\/h3>\n\n\n\n<figure class=\"wp-block-image size-large is-resized\"><img decoding=\"async\" width=\"1024\" height=\"683\" src=\"http:\/\/griwbwl.cluster027.hosting.ovh.net\/wp-content\/uploads\/2024\/09\/IMG_4682-1024x683.jpg\" alt=\"\" class=\"wp-image-53\" style=\"width:580px;height:auto\" srcset=\"https:\/\/www.3kmusik.com\/wp-content\/uploads\/2024\/09\/IMG_4682-1024x683.jpg 1024w, https:\/\/www.3kmusik.com\/wp-content\/uploads\/2024\/09\/IMG_4682-300x200.jpg 300w, https:\/\/www.3kmusik.com\/wp-content\/uploads\/2024\/09\/IMG_4682-768x512.jpg 768w, https:\/\/www.3kmusik.com\/wp-content\/uploads\/2024\/09\/IMG_4682-1536x1024.jpg 1536w, https:\/\/www.3kmusik.com\/wp-content\/uploads\/2024\/09\/IMG_4682.jpg 1920w\" sizes=\"(max-width: 767px) 89vw, (max-width: 1000px) 54vw, (max-width: 1071px) 543px, 580px\" \/><\/figure>\n\n\n\n<p>DJ, guitariste, bassiste, chanteur, compositeur.<br>Musicien depuis l\u2019\u00e2ge de 8 ans, il commence ses \u00e9tudes au Conservatoire pour se diriger vers d\u2019autres univers et s\u2019investir dans de nombreux projets.<br>Dipl\u00f4m\u00e9 du Conservatoire de Musique de Montpellier en <strong>guitare classique<\/strong>, puis du Conservatoire du 8e arrondissement de Paris, au Jeune Choeur de Paris, en <strong>chant lyrique<\/strong>.<br>Il participe au cours de ses \u00e9tudes \u00e0 plus de 150 concerts \u00e0 travers toute l\u2019Europe (avec l\u2019Orchestre National d\u2019Ile-de-France, l\u2019Orchestre national de Saint-Petersbourg, mais aussi des artistes tels que <strong>C2C<\/strong>, <strong>Aaron<\/strong>, <strong>Camille<\/strong>, Ga\u00ebtan Roussel, Keren Ann\u2026).<br>Compositeur et guitariste du groupe 9CH faisant de nombreux concerts \u00e0 travers la France (les trois baudet, la sc\u00e8ne du canal Saint Martin, le Truskel\u2026).<br>Compositeur de la bande originale du long m\u00e9trage \u00ab&nbsp;Belgian disaster&nbsp;\u00bb r\u00e9alis\u00e9 par Partick Glotz.<br>Compositeur de la bande originale du court m\u00e9trage &nbsp;\u00bb T\u2019es con Simon&nbsp;\u00bb r\u00e9alis\u00e9 par Claire Barrault.<br>Aujourd\u2019hui DJ, compositeur et interpr\u00e8te, il est guitariste, bassiste et vocaliste au sein des groupes Imperial, The Change et YORICLUB.<\/p>\n\n\n\n<p><\/p>\n\n\n\n<p><\/p>\n\n\n\n<p><\/p>\n","protected":false},"excerpt":{"rendered":"<p>Parcours de Katia Etudie la photo, la danse, le chant ainsi que la batterie en cours priv\u00e9sTravaille avec divers groupes et formations musicales avant de cr\u00e9er son propre projetChanteuse et co-compositeur du groupe LADY PALAVASChante et danse avec une compagnie de spectacle ann\u00e9e 60\/80Auteur, compositeur et interpr\u00e8te du groupe \u00ab&nbsp;SHERLOK \u00bb avec lequel elle a &hellip; <\/p>\n<p class=\"link-more\"><a href=\"https:\/\/www.3kmusik.com\/index.php\/parcours\/\" class=\"more-link\">Continuer la lecture<span class=\"screen-reader-text\"> de &laquo;&nbsp;Parcours&nbsp;&raquo;<\/span><\/a><\/p>\n","protected":false},"author":1,"featured_media":0,"parent":0,"menu_order":0,"comment_status":"closed","ping_status":"closed","template":"","meta":{"footnotes":""},"class_list":["post-24","page","type-page","status-publish","hentry"],"yoast_head":"<!-- This site is optimized with the Yoast SEO plugin v26.8 - https:\/\/yoast.com\/product\/yoast-seo-wordpress\/ -->\n<title>Parcours - KATIA VOUS PROPOSE DES SOIR\u00c9ES MUSICALES DE QUALIT\u00c9<\/title>\n<meta name=\"robots\" content=\"index, follow, max-snippet:-1, max-image-preview:large, max-video-preview:-1\" \/>\n<link rel=\"canonical\" href=\"https:\/\/www.3kmusik.com\/index.php\/parcours\/\" \/>\n<meta property=\"og:locale\" content=\"fr_FR\" \/>\n<meta property=\"og:type\" content=\"article\" \/>\n<meta property=\"og:title\" content=\"Parcours - KATIA VOUS PROPOSE DES SOIR\u00c9ES MUSICALES DE QUALIT\u00c9\" \/>\n<meta property=\"og:description\" content=\"Parcours de Katia Etudie la photo, la danse, le chant ainsi que la batterie en cours priv\u00e9sTravaille avec divers groupes et formations musicales avant de cr\u00e9er son propre projetChanteuse et co-compositeur du groupe LADY PALAVASChante et danse avec une compagnie de spectacle ann\u00e9e 60\/80Auteur, compositeur et interpr\u00e8te du groupe \u00ab&nbsp;SHERLOK \u00bb avec lequel elle a &hellip; Continuer la lecture de &laquo;&nbsp;Parcours&nbsp;&raquo;\" \/>\n<meta property=\"og:url\" content=\"https:\/\/www.3kmusik.com\/index.php\/parcours\/\" \/>\n<meta property=\"og:site_name\" content=\"KATIA VOUS PROPOSE DES SOIR\u00c9ES MUSICALES DE QUALIT\u00c9\" \/>\n<meta property=\"article:publisher\" content=\"https:\/\/www.facebook.com\/katia.plachez\" \/>\n<meta property=\"article:modified_time\" content=\"2025-05-24T08:38:31+00:00\" \/>\n<meta property=\"og:image\" content=\"http:\/\/griwbwl.cluster027.hosting.ovh.net\/wp-content\/uploads\/2024\/09\/16649158_10208550550303033_3540669975260872727_n.jpg\" \/>\n<meta name=\"twitter:card\" content=\"summary_large_image\" \/>\n<meta name=\"twitter:label1\" content=\"Dur\u00e9e de lecture estim\u00e9e\" \/>\n\t<meta name=\"twitter:data1\" content=\"2 minutes\" \/>\n<script type=\"application\/ld+json\" class=\"yoast-schema-graph\">{\"@context\":\"https:\/\/schema.org\",\"@graph\":[{\"@type\":\"WebPage\",\"@id\":\"https:\/\/www.3kmusik.com\/index.php\/parcours\/\",\"url\":\"https:\/\/www.3kmusik.com\/index.php\/parcours\/\",\"name\":\"Parcours - KATIA VOUS PROPOSE DES SOIR\u00c9ES MUSICALES DE QUALIT\u00c9\",\"isPartOf\":{\"@id\":\"https:\/\/www.3kmusik.com\/#website\"},\"primaryImageOfPage\":{\"@id\":\"https:\/\/www.3kmusik.com\/index.php\/parcours\/#primaryimage\"},\"image\":{\"@id\":\"https:\/\/www.3kmusik.com\/index.php\/parcours\/#primaryimage\"},\"thumbnailUrl\":\"http:\/\/griwbwl.cluster027.hosting.ovh.net\/wp-content\/uploads\/2024\/09\/16649158_10208550550303033_3540669975260872727_n.jpg\",\"datePublished\":\"2024-09-07T10:41:46+00:00\",\"dateModified\":\"2025-05-24T08:38:31+00:00\",\"breadcrumb\":{\"@id\":\"https:\/\/www.3kmusik.com\/index.php\/parcours\/#breadcrumb\"},\"inLanguage\":\"fr-FR\",\"potentialAction\":[{\"@type\":\"ReadAction\",\"target\":[\"https:\/\/www.3kmusik.com\/index.php\/parcours\/\"]}]},{\"@type\":\"ImageObject\",\"inLanguage\":\"fr-FR\",\"@id\":\"https:\/\/www.3kmusik.com\/index.php\/parcours\/#primaryimage\",\"url\":\"http:\/\/griwbwl.cluster027.hosting.ovh.net\/wp-content\/uploads\/2024\/09\/16649158_10208550550303033_3540669975260872727_n.jpg\",\"contentUrl\":\"http:\/\/griwbwl.cluster027.hosting.ovh.net\/wp-content\/uploads\/2024\/09\/16649158_10208550550303033_3540669975260872727_n.jpg\"},{\"@type\":\"BreadcrumbList\",\"@id\":\"https:\/\/www.3kmusik.com\/index.php\/parcours\/#breadcrumb\",\"itemListElement\":[{\"@type\":\"ListItem\",\"position\":1,\"name\":\"Accueil\",\"item\":\"https:\/\/www.3kmusik.com\/\"},{\"@type\":\"ListItem\",\"position\":2,\"name\":\"Parcours\"}]},{\"@type\":\"WebSite\",\"@id\":\"https:\/\/www.3kmusik.com\/#website\",\"url\":\"https:\/\/www.3kmusik.com\/\",\"name\":\"3kmusik\",\"description\":\"\",\"potentialAction\":[{\"@type\":\"SearchAction\",\"target\":{\"@type\":\"EntryPoint\",\"urlTemplate\":\"https:\/\/www.3kmusik.com\/?s={search_term_string}\"},\"query-input\":{\"@type\":\"PropertyValueSpecification\",\"valueRequired\":true,\"valueName\":\"search_term_string\"}}],\"inLanguage\":\"fr-FR\"}]}<\/script>\n<!-- \/ Yoast SEO plugin. -->","yoast_head_json":{"title":"Parcours - KATIA VOUS PROPOSE DES SOIR\u00c9ES MUSICALES DE QUALIT\u00c9","robots":{"index":"index","follow":"follow","max-snippet":"max-snippet:-1","max-image-preview":"max-image-preview:large","max-video-preview":"max-video-preview:-1"},"canonical":"https:\/\/www.3kmusik.com\/index.php\/parcours\/","og_locale":"fr_FR","og_type":"article","og_title":"Parcours - KATIA VOUS PROPOSE DES SOIR\u00c9ES MUSICALES DE QUALIT\u00c9","og_description":"Parcours de Katia Etudie la photo, la danse, le chant ainsi que la batterie en cours priv\u00e9sTravaille avec divers groupes et formations musicales avant de cr\u00e9er son propre projetChanteuse et co-compositeur du groupe LADY PALAVASChante et danse avec une compagnie de spectacle ann\u00e9e 60\/80Auteur, compositeur et interpr\u00e8te du groupe \u00ab&nbsp;SHERLOK \u00bb avec lequel elle a &hellip; Continuer la lecture de &laquo;&nbsp;Parcours&nbsp;&raquo;","og_url":"https:\/\/www.3kmusik.com\/index.php\/parcours\/","og_site_name":"KATIA VOUS PROPOSE DES SOIR\u00c9ES MUSICALES DE QUALIT\u00c9","article_publisher":"https:\/\/www.facebook.com\/katia.plachez","article_modified_time":"2025-05-24T08:38:31+00:00","og_image":[{"url":"http:\/\/griwbwl.cluster027.hosting.ovh.net\/wp-content\/uploads\/2024\/09\/16649158_10208550550303033_3540669975260872727_n.jpg","type":"","width":"","height":""}],"twitter_card":"summary_large_image","twitter_misc":{"Dur\u00e9e de lecture estim\u00e9e":"2 minutes"},"schema":{"@context":"https:\/\/schema.org","@graph":[{"@type":"WebPage","@id":"https:\/\/www.3kmusik.com\/index.php\/parcours\/","url":"https:\/\/www.3kmusik.com\/index.php\/parcours\/","name":"Parcours - KATIA VOUS PROPOSE DES SOIR\u00c9ES MUSICALES DE QUALIT\u00c9","isPartOf":{"@id":"https:\/\/www.3kmusik.com\/#website"},"primaryImageOfPage":{"@id":"https:\/\/www.3kmusik.com\/index.php\/parcours\/#primaryimage"},"image":{"@id":"https:\/\/www.3kmusik.com\/index.php\/parcours\/#primaryimage"},"thumbnailUrl":"http:\/\/griwbwl.cluster027.hosting.ovh.net\/wp-content\/uploads\/2024\/09\/16649158_10208550550303033_3540669975260872727_n.jpg","datePublished":"2024-09-07T10:41:46+00:00","dateModified":"2025-05-24T08:38:31+00:00","breadcrumb":{"@id":"https:\/\/www.3kmusik.com\/index.php\/parcours\/#breadcrumb"},"inLanguage":"fr-FR","potentialAction":[{"@type":"ReadAction","target":["https:\/\/www.3kmusik.com\/index.php\/parcours\/"]}]},{"@type":"ImageObject","inLanguage":"fr-FR","@id":"https:\/\/www.3kmusik.com\/index.php\/parcours\/#primaryimage","url":"http:\/\/griwbwl.cluster027.hosting.ovh.net\/wp-content\/uploads\/2024\/09\/16649158_10208550550303033_3540669975260872727_n.jpg","contentUrl":"http:\/\/griwbwl.cluster027.hosting.ovh.net\/wp-content\/uploads\/2024\/09\/16649158_10208550550303033_3540669975260872727_n.jpg"},{"@type":"BreadcrumbList","@id":"https:\/\/www.3kmusik.com\/index.php\/parcours\/#breadcrumb","itemListElement":[{"@type":"ListItem","position":1,"name":"Accueil","item":"https:\/\/www.3kmusik.com\/"},{"@type":"ListItem","position":2,"name":"Parcours"}]},{"@type":"WebSite","@id":"https:\/\/www.3kmusik.com\/#website","url":"https:\/\/www.3kmusik.com\/","name":"3kmusik","description":"","potentialAction":[{"@type":"SearchAction","target":{"@type":"EntryPoint","urlTemplate":"https:\/\/www.3kmusik.com\/?s={search_term_string}"},"query-input":{"@type":"PropertyValueSpecification","valueRequired":true,"valueName":"search_term_string"}}],"inLanguage":"fr-FR"}]}},"_links":{"self":[{"href":"https:\/\/www.3kmusik.com\/index.php\/wp-json\/wp\/v2\/pages\/24","targetHints":{"allow":["GET"]}}],"collection":[{"href":"https:\/\/www.3kmusik.com\/index.php\/wp-json\/wp\/v2\/pages"}],"about":[{"href":"https:\/\/www.3kmusik.com\/index.php\/wp-json\/wp\/v2\/types\/page"}],"author":[{"embeddable":true,"href":"https:\/\/www.3kmusik.com\/index.php\/wp-json\/wp\/v2\/users\/1"}],"replies":[{"embeddable":true,"href":"https:\/\/www.3kmusik.com\/index.php\/wp-json\/wp\/v2\/comments?post=24"}],"version-history":[{"count":6,"href":"https:\/\/www.3kmusik.com\/index.php\/wp-json\/wp\/v2\/pages\/24\/revisions"}],"predecessor-version":[{"id":309,"href":"https:\/\/www.3kmusik.com\/index.php\/wp-json\/wp\/v2\/pages\/24\/revisions\/309"}],"wp:attachment":[{"href":"https:\/\/www.3kmusik.com\/index.php\/wp-json\/wp\/v2\/media?parent=24"}],"curies":[{"name":"wp","href":"https:\/\/api.w.org\/{rel}","templated":true}]}}